{"id":11,"date":"2025-04-01T13:42:28","date_gmt":"2025-04-01T13:42:28","guid":{"rendered":"https:\/\/op-relations.ddev.site\/?page_id=11"},"modified":"2025-11-04T09:54:23","modified_gmt":"2025-11-04T09:54:23","slug":"company-profile","status":"publish","type":"page","link":"https:\/\/investorrelations.onlineprinters.com\/de\/company-profile\/","title":{"rendered":"Unternehmensprofil"},"content":{"rendered":"<div class=\"wp-block-group alignwide is-layout-flow wp-block-group-is-layout-flow\" style=\"margin-top:var(--wp--preset--spacing--42);margin-bottom:var(--wp--preset--spacing--42);padding-top:var(--wp--preset--spacing--48);padding-right:var(--wp--preset--spacing--104);padding-bottom:var(--wp--preset--spacing--48);padding-left:var(--wp--preset--spacing--104)\">\n<p class=\"has-text-align-left\">Onlineprinters ist eine der f\u00fchrenden Onlinedruckereien in Europa. An Standorten in sechs L\u00e4ndern arbeiten 1.700 Experten t\u00e4glich mit Leidenschaft daran, die Druckprojekte unserer Kundinnen und Kunden zu realisieren. In den hochmodernen Maschinen-Parks der Onlineprinters-Gruppe drucken wir seit 1984 Produkte f\u00fcr Kunden in ganz Europa. Diese Expertise verbinden wir seit vielen Jahren sehr erfolgreich mit den M\u00f6glichkeiten des E-Commerce. So bieten wir die perfekte Kombination aus hoher Qualit\u00e4t, unz\u00e4hligen Produkten, pers\u00f6nlichem Service \u2013 und das alles schnell, preiswert und nachhaltig.&nbsp;<\/p>\n\n\n\n<figure class=\"wp-block-image alignright size-large is-resized\"><img loading=\"lazy\" decoding=\"async\" width=\"1024\" height=\"1024\" src=\"https:\/\/investorrelations.onlineprinters.com\/wp-content\/uploads\/2025\/11\/standorte-lander-1024x1024.png\" alt=\"Map of Europe with the onlineprinters brand locations\" class=\"wp-image-1030\" style=\"width:533px;height:auto\" srcset=\"https:\/\/investorrelations.onlineprinters.com\/wp-content\/uploads\/2025\/11\/standorte-lander-1024x1024.png 1024w, https:\/\/investorrelations.onlineprinters.com\/wp-content\/uploads\/2025\/11\/standorte-lander-300x300.png 300w, https:\/\/investorrelations.onlineprinters.com\/wp-content\/uploads\/2025\/11\/standorte-lander-150x150.png 150w, https:\/\/investorrelations.onlineprinters.com\/wp-content\/uploads\/2025\/11\/standorte-lander-768x768.png 768w, https:\/\/investorrelations.onlineprinters.com\/wp-content\/uploads\/2025\/11\/standorte-lander-12x12.png 12w, https:\/\/investorrelations.onlineprinters.com\/wp-content\/uploads\/2025\/11\/standorte-lander.png 1200w\" sizes=\"auto, (max-width: 1024px) 100vw, 1024px\" \/><\/figure>\n\n\n\n<p>Was uns auszeichnet, ist unsere F\u00e4higkeit, jahrzehntelange Branchenexpertise mit den M\u00f6glichkeiten des E-Commerce zu verbinden. Im Laufe der Jahre haben wir die Online-Bestellung nahtlos in unsere erstklassige Produktion integriert und bieten unseren Kunden so ein hocheffizientes und kundenorientiertes Erlebnis. Diese Kombination aus hochwertigen Druckl\u00f6sungen, einem umfangreichen Produktangebot, pers\u00f6nlichem Service und schneller, kosteng\u00fcnstiger Lieferung macht uns zur ersten Wahl f\u00fcr Unternehmen, die zuverl\u00e4ssige, hochwertige Druckdienstleistungen suchen. Dar\u00fcber hinaus stellt unser Engagement f\u00fcr Nachhaltigkeit sicher, dass jedes Produkt, das wir liefern, unter Ber\u00fccksichtigung der Umweltverantwortung hergestellt wird.<\/p>\n\n\n\n<p>Uns liegt der verantwortungsvolle Umgang mit unserer Umwelt sehr am Herzen. Durch unsere breit gestreuten Standorte sind wir in der Lage, die Transportwege zu unseren Kunden kurz zu halten und somit Ressourcen zu schonen. Mit diesem Ansatz leisten wir einen positiven Beitrag f\u00fcr Mensch und Natur.&nbsp;<\/p>\n<\/div>\n\n\n\n<p><\/p>","protected":false},"excerpt":{"rendered":"<p>Onlineprinters is one of the leading online printing companies in Europe, with a strong presence across multiple countries. Our commitment [&hellip;]<\/p>\n","protected":false},"author":1,"featured_media":0,"parent":0,"menu_order":0,"comment_status":"closed","ping_status":"closed","template":"","meta":{"site-sidebar-layout":"default","site-content-layout":"","ast-site-content-layout":"default","site-content-style":"default","site-sidebar-style":"default","ast-global-header-display":"","ast-banner-title-visibility":"","ast-main-header-display":"","ast-hfb-above-header-display":"","ast-hfb-below-header-display":"","ast-hfb-mobile-header-display":"","site-post-title":"","ast-breadcrumbs-content":"","ast-featured-img":"","footer-sml-layout":"","ast-disable-related-posts":"","theme-transparent-header-meta":"","adv-header-id-meta":"","stick-header-meta":"","header-above-stick-meta":"","header-main-stick-meta":"","header-below-stick-meta":"","astra-migrate-meta-layouts":"default","ast-page-background-enabled":"default","ast-page-background-meta":{"desktop":{"background-color":"var(--ast-global-color-5)","background-image":"","background-repeat":"repeat","background-position":"center center","background-size":"auto","background-attachment":"scroll","background-type":"","background-media":"","overlay-type":"","overlay-color":"","overlay-opacity":"","overlay-gradient":""},"tablet":{"background-color":"","background-image":"","background-repeat":"repeat","background-position":"center center","background-size":"auto","background-attachment":"scroll","background-type":"","background-media":"","overlay-type":"","overlay-color":"","overlay-opacity":"","overlay-gradient":""},"mobile":{"background-color":"","background-image":"","background-repeat":"repeat","background-position":"center center","background-size":"auto","background-attachment":"scroll","background-type":"","background-media":"","overlay-type":"","overlay-color":"","overlay-opacity":"","overlay-gradient":""}},"ast-content-background-meta":{"desktop":{"background-color":"var(--ast-global-color-4)","background-image":"","background-repeat":"repeat","background-position":"center center","background-size":"auto","background-attachment":"scroll","background-type":"","background-media":"","overlay-type":"","overlay-color":"","overlay-opacity":"","overlay-gradient":""},"tablet":{"background-color":"var(--ast-global-color-4)","background-image":"","background-repeat":"repeat","background-position":"center center","background-size":"auto","background-attachment":"scroll","background-type":"","background-media":"","overlay-type":"","overlay-color":"","overlay-opacity":"","overlay-gradient":""},"mobile":{"background-color":"var(--ast-global-color-4)","background-image":"","background-repeat":"repeat","background-position":"center center","background-size":"auto","background-attachment":"scroll","background-type":"","background-media":"","overlay-type":"","overlay-color":"","overlay-opacity":"","overlay-gradient":""}},"footnotes":""},"class_list":["post-11","page","type-page","status-publish","hentry"],"featured_image_src":null,"_links":{"self":[{"href":"https:\/\/investorrelations.onlineprinters.com\/de\/wp-json\/wp\/v2\/pages\/11","targetHints":{"allow":["GET"]}}],"collection":[{"href":"https:\/\/investorrelations.onlineprinters.com\/de\/wp-json\/wp\/v2\/pages"}],"about":[{"href":"https:\/\/investorrelations.onlineprinters.com\/de\/wp-json\/wp\/v2\/types\/page"}],"author":[{"embeddable":true,"href":"https:\/\/investorrelations.onlineprinters.com\/de\/wp-json\/wp\/v2\/users\/1"}],"replies":[{"embeddable":true,"href":"https:\/\/investorrelations.onlineprinters.com\/de\/wp-json\/wp\/v2\/comments?post=11"}],"version-history":[{"count":8,"href":"https:\/\/investorrelations.onlineprinters.com\/de\/wp-json\/wp\/v2\/pages\/11\/revisions"}],"predecessor-version":[{"id":1070,"href":"https:\/\/investorrelations.onlineprinters.com\/de\/wp-json\/wp\/v2\/pages\/11\/revisions\/1070"}],"wp:attachment":[{"href":"https:\/\/investorrelations.onlineprinters.com\/de\/wp-json\/wp\/v2\/media?parent=11"}],"curies":[{"name":"wp","href":"https:\/\/api.w.org\/{rel}","templated":true}]}}