{"id":367,"date":"2025-04-11T08:32:05","date_gmt":"2025-04-11T08:32:05","guid":{"rendered":"https:\/\/relations.onlineprinters.io\/?page_id=367"},"modified":"2025-11-04T09:40:21","modified_gmt":"2025-11-04T09:40:21","slug":"homepage","status":"publish","type":"page","link":"https:\/\/investorrelations.onlineprinters.com\/de\/","title":{"rendered":"Print neu gedacht: Wo Innovation Nachhaltigkeit antreibt"},"content":{"rendered":"<p class=\"has-text-align-left is-style-text-summary has-custom-color-4-color has-text-color has-link-color wp-elements-c3981eeb2921b75aa1fe80d06c66fb20\">Bei Onlineprinters verbinden wir technologische Innovation mit einem klaren Bekenntnis zu Nachhaltigkeit, um die Zukunft des Drucks aktiv zu gestalten. Durch intelligente, effiziente und ressourcenschonende L\u00f6sungen treiben wir den Fortschritt voran und schaffen echten Mehrwert f\u00fcr unsere Kundinnen und Kunden. Unser Ziel ist es, neue Ma\u00dfst\u00e4be in Druckqualit\u00e4t und Service zu setzen \u2013 mit Kreativit\u00e4t, digitaler Innovation und \u00f6kologischer Verantwortung. So gestalten wir nicht nur die Entwicklung unserer Branche, sondern leisten auch einen Beitrag zu einer nachhaltigeren Zukunft f\u00fcr kommende Generationen.<\/p>","protected":false},"excerpt":{"rendered":"<p>At Onlineprinters, we combine technological innovation with a strong commitment to sustainability to shape the future of printing. By developing [&hellip;]<\/p>\n","protected":false},"author":1,"featured_media":0,"parent":0,"menu_order":0,"comment_status":"closed","ping_status":"closed","template":"","meta":{"site-sidebar-layout":"default","site-content-layout":"","ast-site-content-layout":"default","site-content-style":"default","site-sidebar-style":"default","ast-global-header-display":"","ast-banner-title-visibility":"","ast-main-header-display":"","ast-hfb-above-header-display":"","ast-hfb-below-header-display":"","ast-hfb-mobile-header-display":"","site-post-title":"","ast-breadcrumbs-content":"","ast-featured-img":"","footer-sml-layout":"","ast-disable-related-posts":"","theme-transparent-header-meta":"","adv-header-id-meta":"","stick-header-meta":"","header-above-stick-meta":"","header-main-stick-meta":"","header-below-stick-meta":"","astra-migrate-meta-layouts":"default","ast-page-background-enabled":"default","ast-page-background-meta":{"desktop":{"background-color":"var(--ast-global-color-5)","background-image":"","background-repeat":"repeat","background-position":"center center","background-size":"auto","background-attachment":"scroll","background-type":"","background-media":"","overlay-type":"","overlay-color":"","overlay-opacity":"","overlay-gradient":""},"tablet":{"background-color":"","background-image":"","background-repeat":"repeat","background-position":"center center","background-size":"auto","background-attachment":"scroll","background-type":"","background-media":"","overlay-type":"","overlay-color":"","overlay-opacity":"","overlay-gradient":""},"mobile":{"background-color":"","background-image":"","background-repeat":"repeat","background-position":"center center","background-size":"auto","background-attachment":"scroll","background-type":"","background-media":"","overlay-type":"","overlay-color":"","overlay-opacity":"","overlay-gradient":""}},"ast-content-background-meta":{"desktop":{"background-color":"var(--ast-global-color-4)","background-image":"","background-repeat":"repeat","background-position":"center center","background-size":"auto","background-attachment":"scroll","background-type":"","background-media":"","overlay-type":"","overlay-color":"","overlay-opacity":"","overlay-gradient":""},"tablet":{"background-color":"var(--ast-global-color-4)","background-image":"","background-repeat":"repeat","background-position":"center center","background-size":"auto","background-attachment":"scroll","background-type":"","background-media":"","overlay-type":"","overlay-color":"","overlay-opacity":"","overlay-gradient":""},"mobile":{"background-color":"var(--ast-global-color-4)","background-image":"","background-repeat":"repeat","background-position":"center center","background-size":"auto","background-attachment":"scroll","background-type":"","background-media":"","overlay-type":"","overlay-color":"","overlay-opacity":"","overlay-gradient":""}},"footnotes":""},"class_list":["post-367","page","type-page","status-publish","hentry"],"featured_image_src":null,"_links":{"self":[{"href":"https:\/\/investorrelations.onlineprinters.com\/de\/wp-json\/wp\/v2\/pages\/367","targetHints":{"allow":["GET"]}}],"collection":[{"href":"https:\/\/investorrelations.onlineprinters.com\/de\/wp-json\/wp\/v2\/pages"}],"about":[{"href":"https:\/\/investorrelations.onlineprinters.com\/de\/wp-json\/wp\/v2\/types\/page"}],"author":[{"embeddable":true,"href":"https:\/\/investorrelations.onlineprinters.com\/de\/wp-json\/wp\/v2\/users\/1"}],"replies":[{"embeddable":true,"href":"https:\/\/investorrelations.onlineprinters.com\/de\/wp-json\/wp\/v2\/comments?post=367"}],"version-history":[{"count":1,"href":"https:\/\/investorrelations.onlineprinters.com\/de\/wp-json\/wp\/v2\/pages\/367\/revisions"}],"predecessor-version":[{"id":1057,"href":"https:\/\/investorrelations.onlineprinters.com\/de\/wp-json\/wp\/v2\/pages\/367\/revisions\/1057"}],"wp:attachment":[{"href":"https:\/\/investorrelations.onlineprinters.com\/de\/wp-json\/wp\/v2\/media?parent=367"}],"curies":[{"name":"wp","href":"https:\/\/api.w.org\/{rel}","templated":true}]}}