{"id":996,"date":"2025-10-29T12:15:55","date_gmt":"2025-10-29T12:15:55","guid":{"rendered":"https:\/\/relations.onlineprinters.io\/?page_id=996"},"modified":"2025-12-12T12:24:28","modified_gmt":"2025-12-12T12:24:28","slug":"financial-calendar","status":"publish","type":"page","link":"https:\/\/investorrelations.onlineprinters.com\/de\/financial-calendar\/","title":{"rendered":"Finanzkalender"},"content":{"rendered":"<h3 class=\"wp-block-heading\"><strong><u>2025<\/u><\/strong><\/h3>\n\n\n\n<p style=\"padding-top:0\"><strong>M\u00e4rz 2025<\/strong>&nbsp;<\/p>\n\n\n\n<ul class=\"wp-block-list\">\n<li>Zinszahlung der Unternehmensanleihe&nbsp;<\/li>\n<\/ul>\n\n\n\n<p style=\"padding-top:var(--wp--preset--spacing--40)\"><strong>April\u202f2025<\/strong>&nbsp;<\/p>\n\n\n\n<ul class=\"wp-block-list\">\n<li>Ver\u00f6ffentlichung der Jahresabschl\u00fcsse der OP-Gruppe zum 31. Dezember 2024&nbsp;<\/li>\n<\/ul>\n\n\n\n<p style=\"padding-top:var(--wp--preset--spacing--40)\"><strong>Mai 2025<\/strong>&nbsp;<\/p>\n\n\n\n<ul class=\"wp-block-list\">\n<li>Ver\u00f6ffentlichung der viertelj\u00e4hrlichen Zwischenberichte der OP-Gruppe zum 31. M\u00e4rz 2025&nbsp;<\/li>\n<\/ul>\n\n\n\n<p style=\"padding-top:var(--wp--preset--spacing--40)\"><strong>Juni 2025<\/strong>&nbsp;<\/p>\n\n\n\n<ul class=\"wp-block-list\">\n<li>Zinszahlung der Unternehmensanleihe&nbsp;<\/li>\n<\/ul>\n\n\n\n<p style=\"padding-top:var(--wp--preset--spacing--40)\"><strong>August 2025<\/strong>&nbsp;<\/p>\n\n\n\n<ul class=\"wp-block-list\">\n<li>Ver\u00f6ffentlichung der viertelj\u00e4hrlichen Zwischenberichte der OP-Gruppe zum 30. Juni 2025&nbsp;<\/li>\n<\/ul>\n\n\n\n<p style=\"padding-top:var(--wp--preset--spacing--40)\"><strong>September 2025<\/strong>&nbsp;<\/p>\n\n\n\n<ul class=\"wp-block-list\">\n<li>Zinszahlung der Unternehmensanleihe&nbsp;<\/li>\n<\/ul>\n\n\n\n<p style=\"padding-top:var(--wp--preset--spacing--40)\"><strong>November\u202f2025<\/strong>&nbsp;<\/p>\n\n\n\n<ul class=\"wp-block-list\">\n<li>Ver\u00f6ffentlichung der viertelj\u00e4hrlichen Zwischenberichte der OP-Gruppe zum 30. September 2025&nbsp;<\/li>\n<\/ul>\n\n\n\n<p style=\"padding-top:var(--wp--preset--spacing--40)\"><strong>Dezember 2025<\/strong>&nbsp;<\/p>\n\n\n\n<ul class=\"wp-block-list\">\n<li>Zinszahlung der Unternehmensanleihe&nbsp;<\/li>\n<\/ul>\n\n\n\n<h3 class=\"wp-block-heading\" style=\"padding-top:var(--wp--preset--spacing--70);padding-bottom:0\"><strong><u>2026<\/u><\/strong><\/h3>\n\n\n\n<p><strong>Februar 2026<\/strong>&nbsp;<\/p>\n\n\n\n<ul class=\"wp-block-list\">\n<li>Ver\u00f6ffentlichung der viertelj\u00e4hrlichen Zwischenberichte der OP-Gruppe zum 31. Dezember 2025\u00a0<\/li>\n<\/ul>\n\n\n\n<p style=\"padding-top:var(--wp--preset--spacing--40)\"><strong>M\u00e4rz 2026<\/strong><\/p>\n\n\n\n<ul class=\"wp-block-list\">\n<li>Zinszahlung der Unternehmensanleihe&nbsp;<\/li>\n<\/ul>\n\n\n\n<p style=\"padding-top:var(--wp--preset--spacing--40)\"><strong>April\u202f2026<\/strong><\/p>\n\n\n\n<ul class=\"wp-block-list\">\n<li>Ver\u00f6ffentlichung der Jahresabschl\u00fcsse der OP-Gruppe zum 31. Dezember 2025<\/li>\n<\/ul>\n\n\n\n<p style=\"padding-top:var(--wp--preset--spacing--40)\"><strong>Mai 2026<\/strong><\/p>\n\n\n\n<ul class=\"wp-block-list\">\n<li>Ver\u00f6ffentlichung der viertelj\u00e4hrlichen Zwischenberichte der OP-Gruppe zum 31. M\u00e4rz 2026<\/li>\n<\/ul>\n\n\n\n<p style=\"padding-top:var(--wp--preset--spacing--40)\"><strong>Juni 2026<\/strong><\/p>\n\n\n\n<ul class=\"wp-block-list\">\n<li>Zinszahlung der Unternehmensanleihe&nbsp;<\/li>\n<\/ul>\n\n\n\n<p style=\"padding-top:var(--wp--preset--spacing--40)\"><strong>August 2026<\/strong><\/p>\n\n\n\n<ul class=\"wp-block-list\">\n<li>Ver\u00f6ffentlichung der viertelj\u00e4hrlichen Zwischenberichte der OP-Gruppe zum 30. Juni 2026<\/li>\n<\/ul>\n\n\n\n<p style=\"padding-top:var(--wp--preset--spacing--40)\"><strong>September 2026<\/strong><\/p>\n\n\n\n<ul class=\"wp-block-list\">\n<li>Zinszahlung der Unternehmensanleihe&nbsp;<\/li>\n<\/ul>\n\n\n\n<p style=\"padding-top:var(--wp--preset--spacing--40)\"><strong>November\u202f2026<\/strong><\/p>\n\n\n\n<ul class=\"wp-block-list\">\n<li>Ver\u00f6ffentlichung der viertelj\u00e4hrlichen Zwischenberichte der OP-Gruppe zum 30. September 2026<\/li>\n<\/ul>\n\n\n\n<p style=\"padding-top:var(--wp--preset--spacing--40)\"><strong>Dezember 2026<\/strong><\/p>\n\n\n\n<ul class=\"wp-block-list\">\n<li>Zinszahlung der Unternehmensanleihe&nbsp;<\/li>\n<\/ul>","protected":false},"excerpt":{"rendered":"<p>2025 March\u202f2025&nbsp; April\u202f2025&nbsp; May 2025&nbsp; June 2025&nbsp; August 2025&nbsp; September 2025&nbsp; November\u202f2025&nbsp; December 2025&nbsp; 2026 February\u202f2026&nbsp; March\u202f2026 April\u202f2026 May 2026 [&hellip;]<\/p>\n","protected":false},"author":1,"featured_media":0,"parent":0,"menu_order":0,"comment_status":"closed","ping_status":"closed","template":"","meta":{"site-sidebar-layout":"default","site-content-layout":"","ast-site-content-layout":"default","site-content-style":"default","site-sidebar-style":"default","ast-global-header-display":"","ast-banner-title-visibility":"","ast-main-header-display":"","ast-hfb-above-header-display":"","ast-hfb-below-header-display":"","ast-hfb-mobile-header-display":"","site-post-title":"","ast-breadcrumbs-content":"","ast-featured-img":"","footer-sml-layout":"","ast-disable-related-posts":"","theme-transparent-header-meta":"","adv-header-id-meta":"","stick-header-meta":"","header-above-stick-meta":"","header-main-stick-meta":"","header-below-stick-meta":"","astra-migrate-meta-layouts":"default","ast-page-background-enabled":"default","ast-page-background-meta":{"desktop":{"background-color":"var(--ast-global-color-5)","background-image":"","background-repeat":"repeat","background-position":"center center","background-size":"auto","background-attachment":"scroll","background-type":"","background-media":"","overlay-type":"","overlay-color":"","overlay-opacity":"","overlay-gradient":""},"tablet":{"background-color":"","background-image":"","background-repeat":"repeat","background-position":"center center","background-size":"auto","background-attachment":"scroll","background-type":"","background-media":"","overlay-type":"","overlay-color":"","overlay-opacity":"","overlay-gradient":""},"mobile":{"background-color":"","background-image":"","background-repeat":"repeat","background-position":"center center","background-size":"auto","background-attachment":"scroll","background-type":"","background-media":"","overlay-type":"","overlay-color":"","overlay-opacity":"","overlay-gradient":""}},"ast-content-background-meta":{"desktop":{"background-color":"var(--ast-global-color-4)","background-image":"","background-repeat":"repeat","background-position":"center center","background-size":"auto","background-attachment":"scroll","background-type":"","background-media":"","overlay-type":"","overlay-color":"","overlay-opacity":"","overlay-gradient":""},"tablet":{"background-color":"var(--ast-global-color-4)","background-image":"","background-repeat":"repeat","background-position":"center center","background-size":"auto","background-attachment":"scroll","background-type":"","background-media":"","overlay-type":"","overlay-color":"","overlay-opacity":"","overlay-gradient":""},"mobile":{"background-color":"var(--ast-global-color-4)","background-image":"","background-repeat":"repeat","background-position":"center center","background-size":"auto","background-attachment":"scroll","background-type":"","background-media":"","overlay-type":"","overlay-color":"","overlay-opacity":"","overlay-gradient":""}},"footnotes":""},"class_list":["post-996","page","type-page","status-publish","hentry"],"featured_image_src":null,"_links":{"self":[{"href":"https:\/\/investorrelations.onlineprinters.com\/de\/wp-json\/wp\/v2\/pages\/996","targetHints":{"allow":["GET"]}}],"collection":[{"href":"https:\/\/investorrelations.onlineprinters.com\/de\/wp-json\/wp\/v2\/pages"}],"about":[{"href":"https:\/\/investorrelations.onlineprinters.com\/de\/wp-json\/wp\/v2\/types\/page"}],"author":[{"embeddable":true,"href":"https:\/\/investorrelations.onlineprinters.com\/de\/wp-json\/wp\/v2\/users\/1"}],"replies":[{"embeddable":true,"href":"https:\/\/investorrelations.onlineprinters.com\/de\/wp-json\/wp\/v2\/comments?post=996"}],"version-history":[{"count":10,"href":"https:\/\/investorrelations.onlineprinters.com\/de\/wp-json\/wp\/v2\/pages\/996\/revisions"}],"predecessor-version":[{"id":1156,"href":"https:\/\/investorrelations.onlineprinters.com\/de\/wp-json\/wp\/v2\/pages\/996\/revisions\/1156"}],"wp:attachment":[{"href":"https:\/\/investorrelations.onlineprinters.com\/de\/wp-json\/wp\/v2\/media?parent=996"}],"curies":[{"name":"wp","href":"https:\/\/api.w.org\/{rel}","templated":true}]}}